{"id":349,"date":"2023-09-24T16:14:26","date_gmt":"2023-09-24T14:14:26","guid":{"rendered":"https:\/\/www.heureka-oberthurgau.ch\/?page_id=349"},"modified":"2024-04-03T14:38:07","modified_gmt":"2024-04-03T12:38:07","slug":"start","status":"publish","type":"page","link":"https:\/\/www.heureka-oberthurgau.ch\/","title":{"rendered":"Start"},"content":{"rendered":"<div class=\"post-content\">\n<div class=\"wp-block-cover has-background-dim-40 has-background-dim\" style=\"min-height:430px\"><img loading=\"lazy\" width=\"1024\" height=\"589\" class=\"wp-block-cover__image-background wp-image-372\" alt=\"\" src=\"https:\/\/www.heureka-oberthurgau.ch\/wp-content\/uploads\/2023\/09\/background1-1-1024x589.png\" data-object-fit=\"cover\" srcset=\"https:\/\/www.heureka-oberthurgau.ch\/wp-content\/uploads\/2023\/09\/background1-1-1024x589.png 1024w, https:\/\/www.heureka-oberthurgau.ch\/wp-content\/uploads\/2023\/09\/background1-1-300x172.png 300w, https:\/\/www.heureka-oberthurgau.ch\/wp-content\/uploads\/2023\/09\/background1-1-768x441.png 768w, https:\/\/www.heureka-oberthurgau.ch\/wp-content\/uploads\/2023\/09\/background1-1.png 1437w\" sizes=\"(max-width: 1024px) 100vw, 1024px\" \/><div class=\"wp-block-cover__inner-container\">\n<h1 class=\"has-text-align-center\">  HEUREKA Oberthurgau &#8211; von den Besten lernen!    <\/h1>\n\n\n\n<h3 class=\"has-text-align-center\">  MINT &#8211; Talentf\u00f6rderung f\u00fcr Primar- und Sekundarsch\u00fcler:innen an der KSR <\/h3>\n\n\n\n<p> <\/p>\n\n\n\n<h2 class=\"has-text-align-left\"><br><\/h2>\n\n\n\n<h2><br><\/h2>\n\n\n\n<h2><br><br><\/h2>\n\n\n\n<div class=\"wp-block-buttons is-content-justification-center\">\n<div class=\"wp-block-button\"><a class=\"wp-block-button__link has-background\" href=\"https:\/\/www.heureka-oberthurgau.ch\/index.php\/infos\/\" style=\"background-color:#2a4f9a\">mehr Informationen<\/a><\/div>\n<\/div>\n<\/div><\/div>\n\n\n\n<p><\/p>\n\n\n\n<div class=\"wp-block-buttons is-content-justification-center\">\n<div class=\"wp-block-button is-style-fill\"><a class=\"wp-block-button__link has-white-color has-text-color has-background\" href=\"https:\/\/bbf.tg.ch\/ateliers.html\/5865\" style=\"border-radius:50px;background-color:#2a4f9a\" target=\"_blank\" rel=\"noreferrer noopener\"><span class=\"has-inline-color has-white-color\"> Anmeldung<\/span>en<\/a><\/div>\n<\/div>\n<\/div>","protected":false},"excerpt":{"rendered":"","protected":false},"author":7,"featured_media":0,"parent":0,"menu_order":0,"comment_status":"closed","ping_status":"closed","template":"","meta":[],"_links":{"self":[{"href":"https:\/\/www.heureka-oberthurgau.ch\/index.php\/wp-json\/wp\/v2\/pages\/349"}],"collection":[{"href":"https:\/\/www.heureka-oberthurgau.ch\/index.php\/wp-json\/wp\/v2\/pages"}],"about":[{"href":"https:\/\/www.heureka-oberthurgau.ch\/index.php\/wp-json\/wp\/v2\/types\/page"}],"author":[{"embeddable":true,"href":"https:\/\/www.heureka-oberthurgau.ch\/index.php\/wp-json\/wp\/v2\/users\/7"}],"replies":[{"embeddable":true,"href":"https:\/\/www.heureka-oberthurgau.ch\/index.php\/wp-json\/wp\/v2\/comments?post=349"}],"version-history":[{"count":37,"href":"https:\/\/www.heureka-oberthurgau.ch\/index.php\/wp-json\/wp\/v2\/pages\/349\/revisions"}],"predecessor-version":[{"id":481,"href":"https:\/\/www.heureka-oberthurgau.ch\/index.php\/wp-json\/wp\/v2\/pages\/349\/revisions\/481"}],"wp:attachment":[{"href":"https:\/\/www.heureka-oberthurgau.ch\/index.php\/wp-json\/wp\/v2\/media?parent=349"}],"curies":[{"name":"wp","href":"https:\/\/api.w.org\/{rel}","templated":true}]}}